{"id":2,"date":"2016-09-23T19:17:13","date_gmt":"2016-09-23T18:17:13","guid":{"rendered":"http:\/\/demolitionxp.com\/?page_id=2"},"modified":"2018-06-27T12:48:47","modified_gmt":"2018-06-27T16:48:47","slug":"accueil","status":"publish","type":"page","link":"https:\/\/demolitionxp.com\/fr\/","title":{"rendered":"Accueil"},"content":{"rendered":"[vc_row type=\u00a0\u00bbfull_width_content\u00a0\u00bb scene_position=\u00a0\u00bbcenter\u00a0\u00bb text_color=\u00a0\u00bbdark\u00a0\u00bb text_align=\u00a0\u00bbleft\u00a0\u00bb overlay_strength=\u00a0\u00bb0.3&Prime;][vc_column column_padding=\u00a0\u00bbno-extra-padding\u00a0\u00bb column_padding_position=\u00a0\u00bball\u00a0\u00bb background_color_opacity=\u00a0\u00bb1&Prime; background_hover_color_opacity=\u00a0\u00bb1&Prime; width=\u00a0\u00bb1\/1&Prime;][vc_column_text]<div class=\"sliderHome\"><div class=\"cycle-slideshow\" data-cycle-slides=\" > .slide\" data-cycle-next=\".slideNext\" data-cycle-prev=\".slidePrev\" data-cycle-timeout=8000><div class=\"slide autoparralax\"><div class=\"slide_bg\" style=\"background-image:url(https:\/\/demolitionxp.com\/wp-content\/uploads\/2016\/09\/slide1-1024x577-1.jpg)\"><\/div><div class=\"innerSlide\"><div class=\"container\"><h2>SATISFACTION<br \/>\r\nGARANTIE<\/h2><p>Notre mission consiste \u00e0 identifier et satisfaire vos besoins<br \/>\r\nen plus de vous apporter un service personnel, fiable et rapide.<\/p><div class='cycleControls slideControls'>\n            \t\t\t\t\t\t\t<div class='slidePrev'><span class='fa fa-angle-left'><\/span><\/div><!--\n            \t\t\t\t\t\t --><div class='slideNext'><span class='fa fa-angle-right'><\/span><\/div>\n            \t\t\t\t\t\t<\/div><\/div><\/div><\/div><div class=\"slide autoparralax\"><div class=\"slide_bg\" style=\"background-image:url(https:\/\/demolitionxp.com\/wp-content\/uploads\/2016\/09\/slide2-1024x619-1.jpg)\"><\/div><div class=\"innerSlide\"><div class=\"container\"><h2>D\u00c9MOLITION <br \/>\r\nROBOTIS\u00c9E<\/h2><p>La m\u00e9thode la plus moderne pour<br \/>\r\ncontr\u00f4ler les travaux d\u00e9molition.<\/p><div class='cycleControls slideControls'>\n            \t\t\t\t\t\t\t<div class='slidePrev'><span class='fa fa-angle-left'><\/span><\/div><!--\n            \t\t\t\t\t\t --><div class='slideNext'><span class='fa fa-angle-right'><\/span><\/div>\n            \t\t\t\t\t\t<\/div><\/div><\/div><\/div><div class=\"slide autoparralax\"><div class=\"slide_bg\" style=\"background-image:url(https:\/\/demolitionxp.com\/wp-content\/uploads\/2016\/09\/slide3-1024x577-1.jpg)\"><\/div><div class=\"innerSlide\"><div class=\"container\"><h2>GENERAL TRADING  <br \/>\r\n& CONTRACTING CO.<\/h2><p>C'est une des soci\u00e9t\u00e9s contractantes \u00e0 la croissance la plus rapide au Kowe\u00eft \/\/ est une des soci\u00e9t\u00e9s contractantes la plus prosp\u00e8re du Kowe\u00eft. Un franc succ\u00e8s qui ne repose que sur une seule et unique chose: \u201cLA SATISFACTION CLIENT\u201d<\/p><div class='cycleControls slideControls'>\n            \t\t\t\t\t\t\t<div class='slidePrev'><span class='fa fa-angle-left'><\/span><\/div><!--\n            \t\t\t\t\t\t --><div class='slideNext'><span class='fa fa-angle-right'><\/span><\/div>\n            \t\t\t\t\t\t<\/div><\/div><\/div><\/div><\/div><div class='btnSlider'><div class='text-center'>\n    \t\t\t\t<a href='https:\/\/demolitionxp.com\/fr\/request-a-quote\/' class='btn btnYellow'>Demander une estimation<\/a>\n    \t\t\t<\/div><\/div><\/div>[\/vc_column_text][\/vc_column][\/vc_row][vc_row type=\u00a0\u00bbfull_width_content\u00a0\u00bb scene_position=\u00a0\u00bbcenter\u00a0\u00bb text_color=\u00a0\u00bbdark\u00a0\u00bb text_align=\u00a0\u00bbleft\u00a0\u00bb overlay_strength=\u00a0\u00bb0.3&Prime;][vc_column column_padding=\u00a0\u00bbno-extra-padding\u00a0\u00bb column_padding_position=\u00a0\u00bball\u00a0\u00bb background_color_opacity=\u00a0\u00bb1&Prime; background_hover_color_opacity=\u00a0\u00bb1&Prime; width=\u00a0\u00bb1\/1&Prime;][vc_column_text]<div class=\"row-flex\"><div class=\"span-flex-md-6\"><div style=\"background-image:url(https:\/\/demolitionxp.com\/wp-content\/themes\/redboxmedia\/images\/min\/home_machine.png)\" class=\"home_machine\" \/><\/div><div class=\"und_mach\"><div class=\"element\"><h3><p><strong>MOINS<\/strong><br \/>\nDE BLESSURES<\/p>\n<\/h3><\/div><div class=\"clear\"><\/div><\/div><div class=\"und_mach\"><div class=\"element\"><h3><p><strong>PLUS<\/strong><br \/>\nDE PRODUCTIVIT\u00c9<\/p>\n<\/h3><\/div><div class=\"clear\"><\/div><\/div><\/div><div class=\"span-flex-md-6 contained\"><div class=\"introChooseUs\"><h2><strong>Pourquoi<\/strong><br \/>\nnous<br \/>\nchoisir ?<\/h2>\n<\/div><table class=\"whyReasons\"><tr class=\"reason\"><td class=\"logo\" style=\"background-image:url(https:\/\/demolitionxp.com\/wp-content\/themes\/redboxmedia\/images\/min\/icon_choose_truck.png);\"><\/div><td class=\"text\"><h3>Vaste gamme d\u2019\u00e9quipements<\/h3><\/div><\/tr><tr class=\"reason\"><td class=\"logo\" style=\"background-image:url(https:\/\/demolitionxp.com\/wp-content\/themes\/redboxmedia\/images\/min\/icon_choose_tools.png);\"><\/div><td class=\"text\"><h3>Vaste gamme de services<\/h3><\/div><\/tr><tr class=\"reason\"><td class=\"logo\" style=\"background-image:url(https:\/\/demolitionxp.com\/wp-content\/themes\/redboxmedia\/images\/min\/icon_choose_helmet.png);\"><\/div><td class=\"text\"><h3>Des employ\u00e9s professionnels, engag\u00e9s et experts<\/h3><\/div><\/tr><tr class=\"reason\"><td class=\"logo\" style=\"background-image:url(https:\/\/demolitionxp.com\/wp-content\/themes\/redboxmedia\/images\/min\/icon_choose_arrows.png);\"><\/div><td class=\"text\"><h3>Services et assistance rapides et s\u00e9curis\u00e9s<\/h3><\/div><\/tr><tr class=\"reason\"><td class=\"logo\" style=\"background-image:url(https:\/\/demolitionxp.com\/wp-content\/themes\/redboxmedia\/images\/min\/icon_choose_pad.png);\"><\/div><td class=\"text\"><h3>Subvenir aux besoins et exigences imm\u00e9diats de nos clients<\/h3><\/div><\/tr><\/table><\/div><\/div>[\/vc_column_text][\/vc_column][\/vc_row]\n","protected":false},"excerpt":{"rendered":"<p>[vc_row type=\u00a0\u00bbfull_width_content\u00a0\u00bb scene_position=\u00a0\u00bbcenter\u00a0\u00bb text_color=\u00a0\u00bbdark\u00a0\u00bb text_align=\u00a0\u00bbleft\u00a0\u00bb overlay_strength=\u00a0\u00bb0.3&Prime;][vc_column column_padding=\u00a0\u00bbno-extra-padding\u00a0\u00bb column_padding_position=\u00a0\u00bball\u00a0\u00bb background_color_opacity=\u00a0\u00bb1&Prime; background_hover_color_opacity=\u00a0\u00bb1&Prime; width=\u00a0\u00bb1\/1&Prime;][vc_column_text][\/vc_column_text][\/vc_column][\/vc_row][vc_row type=\u00a0\u00bbfull_width_content\u00a0\u00bb scene_position=\u00a0\u00bbcenter\u00a0\u00bb text_color=\u00a0\u00bbdark\u00a0\u00bb text_align=\u00a0\u00bbleft\u00a0\u00bb overlay_strength=\u00a0\u00bb0.3&Prime;][vc_column column_padding=\u00a0\u00bbno-extra-padding\u00a0\u00bb column_padding_position=\u00a0\u00bball\u00a0\u00bb background_color_opacity=\u00a0\u00bb1&Prime; background_hover_color_opacity=\u00a0\u00bb1&Prime; width=\u00a0\u00bb1\/1&Prime;][vc_column_text][\/vc_column_text][\/vc_column][\/vc_row]<\/p>\n","protected":false},"author":2,"featured_media":0,"parent":0,"menu_order":0,"comment_status":"closed","ping_status":"closed","template":"","meta":{"footnotes":""},"class_list":["post-2","page","type-page","status-publish"],"_links":{"self":[{"href":"https:\/\/demolitionxp.com\/fr\/wp-json\/wp\/v2\/pages\/2","targetHints":{"allow":["GET"]}}],"collection":[{"href":"https:\/\/demolitionxp.com\/fr\/wp-json\/wp\/v2\/pages"}],"about":[{"href":"https:\/\/demolitionxp.com\/fr\/wp-json\/wp\/v2\/types\/page"}],"author":[{"embeddable":true,"href":"https:\/\/demolitionxp.com\/fr\/wp-json\/wp\/v2\/users\/2"}],"replies":[{"embeddable":true,"href":"https:\/\/demolitionxp.com\/fr\/wp-json\/wp\/v2\/comments?post=2"}],"version-history":[{"count":9,"href":"https:\/\/demolitionxp.com\/fr\/wp-json\/wp\/v2\/pages\/2\/revisions"}],"predecessor-version":[{"id":730,"href":"https:\/\/demolitionxp.com\/fr\/wp-json\/wp\/v2\/pages\/2\/revisions\/730"}],"wp:attachment":[{"href":"https:\/\/demolitionxp.com\/fr\/wp-json\/wp\/v2\/media?parent=2"}],"curies":[{"name":"wp","href":"https:\/\/api.w.org\/{rel}","templated":true}]}}