{"id":311,"date":"2016-10-03T14:14:00","date_gmt":"2016-10-03T18:14:00","guid":{"rendered":"https:\/\/demolitionxp.com\/fr\/notre-equipement\/attachments\/"},"modified":"2018-06-04T15:53:35","modified_gmt":"2018-06-04T19:53:35","slug":"attachments","status":"publish","type":"page","link":"https:\/\/demolitionxp.com\/fr\/notre-equipement\/attachments\/","title":{"rendered":"Accessoires"},"content":{"rendered":"[vc_row type=\u00a0\u00bbfull_width_content\u00a0\u00bb full_screen_row_position=\u00a0\u00bbmiddle\u00a0\u00bb scene_position=\u00a0\u00bbcenter\u00a0\u00bb text_color=\u00a0\u00bbdark\u00a0\u00bb text_align=\u00a0\u00bbleft\u00a0\u00bb class=\u00a0\u00bblarge\u00a0\u00bb overlay_strength=\u00a0\u00bb0.3&Prime; shape_divider_position=\u00a0\u00bbbottom\u00a0\u00bb shape_type=\u00a0\u00bb\u00a0\u00bb][vc_column column_padding=\u00a0\u00bbno-extra-padding\u00a0\u00bb column_padding_position=\u00a0\u00bball\u00a0\u00bb background_color_opacity=\u00a0\u00bb1&Prime; background_hover_color_opacity=\u00a0\u00bb1&Prime; column_shadow=\u00a0\u00bbnone\u00a0\u00bb column_border_radius=\u00a0\u00bbnone\u00a0\u00bb width=\u00a0\u00bb1\/1&Prime; tablet_text_alignment=\u00a0\u00bbdefault\u00a0\u00bb phone_text_alignment=\u00a0\u00bbdefault\u00a0\u00bb column_border_width=\u00a0\u00bbnone\u00a0\u00bb column_border_style=\u00a0\u00bbsolid\u00a0\u00bb][vc_column_text]<div class=\"headingImage autoparralax\"><div class=\"headingImage_bg\" style=\"background-image:url(https:\/\/demolitionxp.com\/wp-content\/uploads\/2016\/10\/header_equip-1.jpg)\"><\/div><div class=\"container\"><h1>NOS <br\/>\u00c9QUIPEMENTS<\/h1><p><p>Nos robots sont des machines de d\u00e9molition \u00e0 la pointe de la technologie. Ils sont tr\u00e8s puissants, l\u00e9gers et ont un design fonctionnel. Ils repr\u00e9sentent un choix id\u00e9al pour les utilisateurs souhaitant obtenir des machines puissantes et s\u00e9curis\u00e9es sur le long terme.<\/p>\n<\/p><\/div><\/div>[\/vc_column_text][\/vc_column][\/vc_row][vc_row type=\u00a0\u00bbin_container\u00a0\u00bb full_screen_row_position=\u00a0\u00bbmiddle\u00a0\u00bb scene_position=\u00a0\u00bbcenter\u00a0\u00bb text_color=\u00a0\u00bbdark\u00a0\u00bb text_align=\u00a0\u00bbleft\u00a0\u00bb class=\u00a0\u00bbfirstRow\u00a0\u00bb overlay_strength=\u00a0\u00bb0.3&Prime; shape_divider_position=\u00a0\u00bbbottom\u00a0\u00bb shape_type=\u00a0\u00bb\u00a0\u00bb][vc_column column_padding=\u00a0\u00bbno-extra-padding\u00a0\u00bb column_padding_position=\u00a0\u00bball\u00a0\u00bb background_color_opacity=\u00a0\u00bb1&Prime; background_hover_color_opacity=\u00a0\u00bb1&Prime; column_shadow=\u00a0\u00bbnone\u00a0\u00bb column_border_radius=\u00a0\u00bbnone\u00a0\u00bb width=\u00a0\u00bb1\/1&Prime; tablet_text_alignment=\u00a0\u00bbdefault\u00a0\u00bb phone_text_alignment=\u00a0\u00bbdefault\u00a0\u00bb column_border_width=\u00a0\u00bbnone\u00a0\u00bb column_border_style=\u00a0\u00bbsolid\u00a0\u00bb][vc_column_text el_class=\u00a0\u00bbfirstTitle introText\u00a0\u00bb]\n<h2>ACCESSOIRES<\/h2>\n<p>Les machines Brokk peuvent \u00eatre \u00e9quip\u00e9es d\u2019une vaste gamme d\u2019outils diff\u00e9rents.<br \/>\nAvec une multitude d\u2019\u00e9quipements, rendez votre machine aussi efficace et flexible que vous le souhaitez![\/vc_column_text][vc_column_text]\n            <div class=\"spiderImage\">\n                <img decoding=\"async\" src=\"https:\/\/demolitionxp.com\/wp-content\/themes\/redboxmedia\/images\/min\/attach_all.jpg\">\n                <div class=\"element buckets\"><div class=\"circle\">&nbsp;<\/div><div class=\"title\">Buckets<\/div><\/div>\n                <div class=\"element demoGrap\"><div class=\"circle\">&nbsp;<\/div><div class=\"title\">DEMOLITION<br \/>GRAPPLES<\/div><\/div>\n                <div class=\"element concCrush\"><div class=\"circle\">&nbsp;<\/div><div class=\"title\">CONCRETE<br \/>CRUSHERS<\/div><\/div>\n                <div class=\"element breaker\"><div class=\"circle\">&nbsp;<\/div><div class=\"title\">BREAKER<\/div><\/div>\n                <div class=\"element scabbler\"><div class=\"circle\">&nbsp;<\/div><div class=\"title\">SCABBLER<\/div><\/div>\n                <div class=\"element multipurpose\"><div class=\"circle\">&nbsp;<\/div><div class=\"title\">MULTI PURPOSE GRAPPLES<\/div><\/div>\n            <\/div>[\/vc_column_text][vc_column_text]<div class=\"equipList row-flex\">\n                        <div class=\"span-flex-md-4\">\n                            <div class=\"equip\">\n                                <div class=\"thumb\" data-open=\"460\">\n                                    <div class=\"thumbImage autoThumbSize\" data-image-width=\"254\" data-image-height=\"300\" style=\"background-image:url(https:\/\/demolitionxp.com\/wp-content\/uploads\/2016\/11\/Atlas-Copco-SB102-Breaker-254x300.jpg);\"><\/div>\n                                <\/div><div class=\"text\">\n                                Atlas Copco SB102 Breaker <\/div>\n                            <\/div>\n                        <\/div>\n                        <div class=\"span-flex-md-4\">\n                            <div class=\"equip\">\n                                <div class=\"thumb\" data-open=\"461\">\n                                    <div class=\"thumbImage autoThumbSize\" data-image-width=\"254\" data-image-height=\"300\" style=\"background-image:url(https:\/\/demolitionxp.com\/wp-content\/uploads\/2016\/11\/Atlas-Copco-SB152-Breaker-254x300.jpg);\"><\/div>\n                                <\/div><div class=\"text\">\n                                Atlas Copco SB152 Breaker <\/div>\n                            <\/div>\n                        <\/div>\n                        <div class=\"span-flex-md-4\">\n                            <div class=\"equip\">\n                                <div class=\"thumb\" data-open=\"468\">\n                                    <div class=\"thumbImage autoThumbSize\" data-image-width=\"254\" data-image-height=\"300\" style=\"background-image:url(https:\/\/demolitionxp.com\/wp-content\/uploads\/2016\/11\/Atlas-Copco-SB202-Breaker-254x300.jpg);\"><\/div>\n                                <\/div><div class=\"text\">\n                                Atlas Copco SB202 Breaker <\/div>\n                            <\/div>\n                        <\/div>\n                        <div class=\"span-flex-md-4\">\n                            <div class=\"equip\">\n                                <div class=\"thumb\" data-open=\"469\">\n                                    <div class=\"thumbImage autoThumbSize\" data-image-width=\"254\" data-image-height=\"300\" style=\"background-image:url(https:\/\/demolitionxp.com\/wp-content\/uploads\/2016\/11\/Atlas-Copco-SB302-Breaker-254x300.jpg);\"><\/div>\n                                <\/div><div class=\"text\">\n                                Atlas Copco SB302 Breaker <\/div>\n                            <\/div>\n                        <\/div>\n                        <div class=\"span-flex-md-4\">\n                            <div class=\"equip\">\n                                <div class=\"thumb\" data-open=\"474\">\n                                    <div class=\"thumbImage autoThumbSize\" data-image-width=\"254\" data-image-height=\"300\" style=\"background-image:url(https:\/\/demolitionxp.com\/wp-content\/uploads\/2016\/11\/Atlas-Copco-SB452-Breaker-254x300.jpg);\"><\/div>\n                                <\/div><div class=\"text\">\n                                Atlas Copco SB452 Breaker <\/div>\n                            <\/div>\n                        <\/div>\n                        <div class=\"span-flex-md-4\">\n                            <div class=\"equip\">\n                                <div class=\"thumb\" data-open=\"456\">\n                                    <div class=\"thumbImage autoThumbSize\" data-image-width=\"254\" data-image-height=\"300\" style=\"background-image:url(https:\/\/demolitionxp.com\/wp-content\/uploads\/2016\/11\/Atlas-Copco-SB52-Breaker-254x300.jpg);\"><\/div>\n                                <\/div><div class=\"text\">\n                                Atlas Copco SB52 Breaker <\/div>\n                            <\/div>\n                        <\/div>\n                        <div class=\"span-flex-md-4\">\n                            <div class=\"equip\">\n                                <div class=\"thumb\" data-open=\"483\">\n                                    <div class=\"thumbImage autoThumbSize\" data-image-width=\"254\" data-image-height=\"300\" style=\"background-image:url(https:\/\/demolitionxp.com\/wp-content\/uploads\/2016\/11\/Atlas-Copco-SB552-Breaker-254x300.jpg);\"><\/div>\n                                <\/div><div class=\"text\">\n                                Atlas Copco SB552 Breaker <\/div>\n                            <\/div>\n                        <\/div>\n                        <div class=\"span-flex-md-4\">\n                            <div class=\"equip\">\n                                <div class=\"thumb\" data-open=\"484\">\n                                    <div class=\"thumbImage autoThumbSize\" data-image-width=\"254\" data-image-height=\"300\" style=\"background-image:url(https:\/\/demolitionxp.com\/wp-content\/uploads\/2016\/11\/Darda-CC320-Concrete-Crusher-254x300.jpg);\"><\/div>\n                                <\/div><div class=\"text\">\n                                Darda CC320 Concrete Crusher <\/div>\n                            <\/div>\n                        <\/div>\n                        <div class=\"span-flex-md-4\">\n                            <div class=\"equip\">\n                                <div class=\"thumb\" data-open=\"493\">\n                                    <div class=\"thumbImage autoThumbSize\" data-image-width=\"254\" data-image-height=\"300\" style=\"background-image:url(https:\/\/demolitionxp.com\/wp-content\/uploads\/2016\/11\/Darda-CC700-Concrete-Crusher-254x300.jpg);\"><\/div>\n                                <\/div><div class=\"text\">\n                                Darda CC700 Concrete Crusher <\/div>\n                            <\/div>\n                        <\/div>\n                        <div class=\"span-flex-md-4\">\n                            <div class=\"equip\">\n                                <div class=\"thumb\" data-open=\"494\">\n                                    <div class=\"thumbImage autoThumbSize\" data-image-width=\"254\" data-image-height=\"300\" style=\"background-image:url(https:\/\/demolitionxp.com\/wp-content\/uploads\/2016\/11\/Drumutters-EX30-Planer-Picture-254x300.jpg);\"><\/div>\n                                <\/div><div class=\"text\">\n                                Drumutters EX30 Planer <\/div>\n                            <\/div>\n                        <\/div>\n                        <div class=\"span-flex-md-4\">\n                            <div class=\"equip\">\n                                <div class=\"thumb\" data-open=\"504\">\n                                    <div class=\"thumbImage autoThumbSize\" data-image-width=\"254\" data-image-height=\"300\" style=\"background-image:url(https:\/\/demolitionxp.com\/wp-content\/uploads\/2016\/11\/G50-Grapple-254x300.jpg);\"><\/div>\n                                <\/div><div class=\"text\">\n                                G50 Grapple <\/div>\n                            <\/div>\n                        <\/div>\n                        <div class=\"span-flex-md-4\">\n                            <div class=\"equip\">\n                                <div class=\"thumb\" data-open=\"505\">\n                                    <div class=\"thumbImage autoThumbSize\" data-image-width=\"254\" data-image-height=\"300\" style=\"background-image:url(https:\/\/demolitionxp.com\/wp-content\/uploads\/2016\/11\/Kinshofer-Beam-Grapple-254x300.jpg);\"><\/div>\n                                <\/div><div class=\"text\">\n                                Kinshofer Beam Grapple <\/div>\n                            <\/div>\n                        <\/div><\/div><div class=\"pagination\"><!--<span>Page 1 de 2<\/span>--><span>&nbsp;<\/span><span class=\"current\">1<\/span><a href='https:\/\/demolitionxp.com\/fr\/equipment\/kinshofer-beam-grapple\/?rbpage=2' class=\"inactive\">2<\/a><a href=\"https:\/\/demolitionxp.com\/fr\/equipment\/kinshofer-beam-grapple\/?rbpage=2\"><span class='fa fa-angle-right'><\/span><\/a><\/div>\n[\/vc_column_text][\/vc_column][\/vc_row]\n","protected":false},"excerpt":{"rendered":"<p>[vc_row type=\u00a0\u00bbfull_width_content\u00a0\u00bb full_screen_row_position=\u00a0\u00bbmiddle\u00a0\u00bb scene_position=\u00a0\u00bbcenter\u00a0\u00bb text_color=\u00a0\u00bbdark\u00a0\u00bb text_align=\u00a0\u00bbleft\u00a0\u00bb class=\u00a0\u00bblarge\u00a0\u00bb overlay_strength=\u00a0\u00bb0.3&Prime; shape_divider_position=\u00a0\u00bbbottom\u00a0\u00bb shape_type=\u00a0\u00bb\u00a0\u00bb][vc_column column_padding=\u00a0\u00bbno-extra-padding\u00a0\u00bb column_padding_position=\u00a0\u00bball\u00a0\u00bb background_color_opacity=\u00a0\u00bb1&Prime; background_hover_color_opacity=\u00a0\u00bb1&Prime; column_shadow=\u00a0\u00bbnone\u00a0\u00bb column_border_radius=\u00a0\u00bbnone\u00a0\u00bb width=\u00a0\u00bb1\/1&Prime; tablet_text_alignment=\u00a0\u00bbdefault\u00a0\u00bb phone_text_alignment=\u00a0\u00bbdefault\u00a0\u00bb column_border_width=\u00a0\u00bbnone\u00a0\u00bb column_border_style=\u00a0\u00bbsolid\u00a0\u00bb][vc_column_text][\/vc_column_text][\/vc_column][\/vc_row][vc_row type=\u00a0\u00bbin_container\u00a0\u00bb full_screen_row_position=\u00a0\u00bbmiddle\u00a0\u00bb scene_position=\u00a0\u00bbcenter\u00a0\u00bb text_color=\u00a0\u00bbdark\u00a0\u00bb text_align=\u00a0\u00bbleft\u00a0\u00bb class=\u00a0\u00bbfirstRow\u00a0\u00bb overlay_strength=\u00a0\u00bb0.3&Prime; shape_divider_position=\u00a0\u00bbbottom\u00a0\u00bb shape_type=\u00a0\u00bb\u00a0\u00bb][vc_column&#8230;<\/p>\n","protected":false},"author":2,"featured_media":0,"parent":291,"menu_order":20,"comment_status":"closed","ping_status":"closed","template":"","meta":{"footnotes":""},"class_list":["post-311","page","type-page","status-publish"],"_links":{"self":[{"href":"https:\/\/demolitionxp.com\/fr\/wp-json\/wp\/v2\/pages\/311","targetHints":{"allow":["GET"]}}],"collection":[{"href":"https:\/\/demolitionxp.com\/fr\/wp-json\/wp\/v2\/pages"}],"about":[{"href":"https:\/\/demolitionxp.com\/fr\/wp-json\/wp\/v2\/types\/page"}],"author":[{"embeddable":true,"href":"https:\/\/demolitionxp.com\/fr\/wp-json\/wp\/v2\/users\/2"}],"replies":[{"embeddable":true,"href":"https:\/\/demolitionxp.com\/fr\/wp-json\/wp\/v2\/comments?post=311"}],"version-history":[{"count":8,"href":"https:\/\/demolitionxp.com\/fr\/wp-json\/wp\/v2\/pages\/311\/revisions"}],"predecessor-version":[{"id":778,"href":"https:\/\/demolitionxp.com\/fr\/wp-json\/wp\/v2\/pages\/311\/revisions\/778"}],"up":[{"embeddable":true,"href":"https:\/\/demolitionxp.com\/fr\/wp-json\/wp\/v2\/pages\/291"}],"wp:attachment":[{"href":"https:\/\/demolitionxp.com\/fr\/wp-json\/wp\/v2\/media?parent=311"}],"curies":[{"name":"wp","href":"https:\/\/api.w.org\/{rel}","templated":true}]}}