{"id":312,"date":"2016-10-03T14:14:55","date_gmt":"2016-10-03T18:14:55","guid":{"rendered":"https:\/\/demolitionxp.com\/fr\/notre-equipement\/traditional-equipment\/"},"modified":"2018-06-04T15:56:52","modified_gmt":"2018-06-04T19:56:52","slug":"traditional-equipment","status":"publish","type":"page","link":"https:\/\/demolitionxp.com\/fr\/notre-equipement\/traditional-equipment\/","title":{"rendered":"\u00c9quipement Traditionnel"},"content":{"rendered":"[vc_row type=\u00a0\u00bbfull_width_content\u00a0\u00bb full_screen_row_position=\u00a0\u00bbmiddle\u00a0\u00bb scene_position=\u00a0\u00bbcenter\u00a0\u00bb text_color=\u00a0\u00bbdark\u00a0\u00bb text_align=\u00a0\u00bbleft\u00a0\u00bb class=\u00a0\u00bblarge\u00a0\u00bb overlay_strength=\u00a0\u00bb0.3&Prime; shape_divider_position=\u00a0\u00bbbottom\u00a0\u00bb shape_type=\u00a0\u00bb\u00a0\u00bb][vc_column column_padding=\u00a0\u00bbno-extra-padding\u00a0\u00bb column_padding_position=\u00a0\u00bball\u00a0\u00bb background_color_opacity=\u00a0\u00bb1&Prime; background_hover_color_opacity=\u00a0\u00bb1&Prime; column_shadow=\u00a0\u00bbnone\u00a0\u00bb column_border_radius=\u00a0\u00bbnone\u00a0\u00bb width=\u00a0\u00bb1\/1&Prime; tablet_text_alignment=\u00a0\u00bbdefault\u00a0\u00bb phone_text_alignment=\u00a0\u00bbdefault\u00a0\u00bb column_border_width=\u00a0\u00bbnone\u00a0\u00bb column_border_style=\u00a0\u00bbsolid\u00a0\u00bb][vc_column_text]<div class=\"headingImage autoparralax\"><div class=\"headingImage_bg\" style=\"background-image:url(https:\/\/demolitionxp.com\/wp-content\/uploads\/2016\/10\/header_equip-1.jpg)\"><\/div><div class=\"container\"><h1>NOS <br\/>\u00c9QUIPEMENTS<\/h1><p><p>Nos robots sont des machines de d\u00e9molition \u00e0 la pointe de la technologie. Ils sont tr\u00e8s puissants, l\u00e9gers et ont un design fonctionnel. Ils repr\u00e9sentent un choix id\u00e9al pour les utilisateurs souhaitant obtenir des machines puissantes et s\u00e9curis\u00e9es sur le long terme.<\/p>\n<\/p><\/div><\/div>[\/vc_column_text][\/vc_column][\/vc_row][vc_row type=\u00a0\u00bbin_container\u00a0\u00bb full_screen_row_position=\u00a0\u00bbmiddle\u00a0\u00bb scene_position=\u00a0\u00bbcenter\u00a0\u00bb text_color=\u00a0\u00bbdark\u00a0\u00bb text_align=\u00a0\u00bbleft\u00a0\u00bb class=\u00a0\u00bbfirstRow\u00a0\u00bb overlay_strength=\u00a0\u00bb0.3&Prime; shape_divider_position=\u00a0\u00bbbottom\u00a0\u00bb][vc_column column_padding=\u00a0\u00bbno-extra-padding\u00a0\u00bb column_padding_position=\u00a0\u00bball\u00a0\u00bb background_color_opacity=\u00a0\u00bb1&Prime; background_hover_color_opacity=\u00a0\u00bb1&Prime; column_shadow=\u00a0\u00bbnone\u00a0\u00bb column_border_radius=\u00a0\u00bbnone\u00a0\u00bb width=\u00a0\u00bb1\/1&Prime; tablet_text_alignment=\u00a0\u00bbdefault\u00a0\u00bb phone_text_alignment=\u00a0\u00bbdefault\u00a0\u00bb column_border_width=\u00a0\u00bbnone\u00a0\u00bb column_border_style=\u00a0\u00bbsolid\u00a0\u00bb][vc_column_text el_class=\u00a0\u00bbintroText\u00a0\u00bb]\n<h2><strong>\u00c9QUIPEMENT<\/strong><br \/>\nTRADITIONNEL<\/h2>\n[\/vc_column_text][vc_column_text]<div class=\"equipList row-flex\">\n                        <div class=\"span-flex-md-4\">\n                            <div class=\"equip\">\n                                <div class=\"thumb\" data-open=\"403\">\n                                    <div class=\"thumbImage autoThumbSize\" data-image-width=\"254\" data-image-height=\"300\" style=\"background-image:url(https:\/\/demolitionxp.com\/wp-content\/uploads\/2016\/11\/Atlas-Copco-TEX-830RD-Rivet-Buster-254x300.jpg);\"><\/div>\n                                <\/div><div class=\"text\">\n                                Atlas Copco TEX 830RD Rivet Buster <\/div>\n                            <\/div>\n                        <\/div>\n                        <div class=\"span-flex-md-4\">\n                            <div class=\"equip\">\n                                <div class=\"thumb\" data-open=\"404\">\n                                    <div class=\"thumbImage autoThumbSize\" data-image-width=\"254\" data-image-height=\"300\" style=\"background-image:url(https:\/\/demolitionxp.com\/wp-content\/uploads\/2016\/11\/Bobcat-S70-Mini-Loader-254x300.jpg);\"><\/div>\n                                <\/div><div class=\"text\">\n                                 Bobcat S70 Mini-Loader<\/div>\n                            <\/div>\n                        <\/div>\n                        <div class=\"span-flex-md-4\">\n                            <div class=\"equip\">\n                                <div class=\"thumb\" data-open=\"307\">\n                                    <div class=\"thumbImage autoThumbSize\" data-image-width=\"254\" data-image-height=\"300\" style=\"background-image:url(https:\/\/demolitionxp.com\/wp-content\/uploads\/2016\/10\/Atlas-Copco-TEX-317P-Chipping-Hammer-Picture-254x300.jpg);\"><\/div>\n                                <\/div><div class=\"text\">\n                                ATLAS COPCO TEX 317P Burineur<\/div>\n                            <\/div>\n                        <\/div>\n                        <div class=\"span-flex-md-4\">\n                            <div class=\"equip\">\n                                <div class=\"thumb\" data-open=\"411\">\n                                    <div class=\"thumbImage autoThumbSize\" data-image-width=\"254\" data-image-height=\"300\" style=\"background-image:url(https:\/\/demolitionxp.com\/wp-content\/uploads\/2016\/11\/Bobcat-S100-Mini-Loader-254x300.jpg);\"><\/div>\n                                <\/div><div class=\"text\">\n                                Bobcat-S100-Mini-Loader <\/div>\n                            <\/div>\n                        <\/div>\n                        <div class=\"span-flex-md-4\">\n                            <div class=\"equip\">\n                                <div class=\"thumb\" data-open=\"415\">\n                                    <div class=\"thumbImage autoThumbSize\" data-image-width=\"254\" data-image-height=\"300\" style=\"background-image:url(https:\/\/demolitionxp.com\/wp-content\/uploads\/2016\/11\/Bobcat-S130-Mini-Loader-254x300.jpg);\"><\/div>\n                                <\/div><div class=\"text\">\n                                Bobcat S130 Mini-Loader <\/div>\n                            <\/div>\n                        <\/div>\n                        <div class=\"span-flex-md-4\">\n                            <div class=\"equip\">\n                                <div class=\"thumb\" data-open=\"416\">\n                                    <div class=\"thumbImage autoThumbSize\" data-image-width=\"254\" data-image-height=\"300\" style=\"background-image:url(https:\/\/demolitionxp.com\/wp-content\/uploads\/2016\/11\/CoreCut-CC7100-254x300.jpg);\"><\/div>\n                                <\/div><div class=\"text\">\n                                CoreCut CC7100 Floor Saw <\/div>\n                            <\/div>\n                        <\/div>\n                        <div class=\"span-flex-md-4\">\n                            <div class=\"equip\">\n                                <div class=\"thumb\" data-open=\"423\">\n                                    <div class=\"thumbImage autoThumbSize\" data-image-width=\"254\" data-image-height=\"300\" style=\"background-image:url(https:\/\/demolitionxp.com\/wp-content\/uploads\/2016\/11\/Darda-C12-Rock-Splitter-254x300.jpg);\"><\/div>\n                                <\/div><div class=\"text\">\n                                Darda C12 Rock Splitter <\/div>\n                            <\/div>\n                        <\/div>\n                        <div class=\"span-flex-md-4\">\n                            <div class=\"equip\">\n                                <div class=\"thumb\" data-open=\"424\">\n                                    <div class=\"thumbImage autoThumbSize\" data-image-width=\"254\" data-image-height=\"300\" style=\"background-image:url(https:\/\/demolitionxp.com\/wp-content\/uploads\/2016\/11\/DTI-AK400-Wall-Saw-254x300.jpg);\"><\/div>\n                                <\/div><div class=\"text\">\n                                DTI AK400 Wall Saw <\/div>\n                            <\/div>\n                        <\/div>\n                        <div class=\"span-flex-md-4\">\n                            <div class=\"equip\">\n                                <div class=\"thumb\" data-open=\"431\">\n                                    <div class=\"thumbImage autoThumbSize\" data-image-width=\"254\" data-image-height=\"300\" style=\"background-image:url(https:\/\/demolitionxp.com\/wp-content\/uploads\/2016\/11\/JOY-AL60M-Jackleg-Drill-254x300.jpg);\"><\/div>\n                                <\/div><div class=\"text\">\n                                JOY AL60M Jackleg Drill <\/div>\n                            <\/div>\n                        <\/div>\n                        <div class=\"span-flex-md-4\">\n                            <div class=\"equip\">\n                                <div class=\"thumb\" data-open=\"432\">\n                                    <div class=\"thumbImage autoThumbSize\" data-image-width=\"254\" data-image-height=\"300\" style=\"background-image:url(https:\/\/demolitionxp.com\/wp-content\/uploads\/2016\/11\/JOY-SAL60M-Stoper-Drill-254x300.jpg);\"><\/div>\n                                <\/div><div class=\"text\">\n                                JOY SAL60M Stoper Drill <\/div>\n                            <\/div>\n                        <\/div>\n                        <div class=\"span-flex-md-4\">\n                            <div class=\"equip\">\n                                <div class=\"thumb\" data-open=\"440\">\n                                    <div class=\"thumbImage autoThumbSize\" data-image-width=\"254\" data-image-height=\"300\" style=\"background-image:url(https:\/\/demolitionxp.com\/wp-content\/uploads\/2016\/11\/Norbar-PTM-52-Torque-Tool-254x300.jpg);\"><\/div>\n                                <\/div><div class=\"text\">\n                                Norbar PTM-52 Torque Tool <\/div>\n                            <\/div>\n                        <\/div>\n                        <div class=\"span-flex-md-4\">\n                            <div class=\"equip\">\n                                <div class=\"thumb\" data-open=\"441\">\n                                    <div class=\"thumbImage autoThumbSize\" data-image-width=\"254\" data-image-height=\"300\" style=\"background-image:url(https:\/\/demolitionxp.com\/wp-content\/uploads\/2016\/11\/RNP-PAM-OVE-35-254x300.jpg);\"><\/div>\n                                <\/div><div class=\"text\">\n                                RNP PAM OVE 35 <\/div>\n                            <\/div>\n                        <\/div><\/div><div class=\"pagination\"><!--<span>Page 1 de 2<\/span>--><span>&nbsp;<\/span><span class=\"current\">1<\/span><a href='https:\/\/demolitionxp.com\/fr\/equipment\/rnp-pam-ove-35\/?rbpage=2' class=\"inactive\">2<\/a><a href=\"https:\/\/demolitionxp.com\/fr\/equipment\/rnp-pam-ove-35\/?rbpage=2\"><span class='fa fa-angle-right'><\/span><\/a><\/div>\n[\/vc_column_text][\/vc_column][\/vc_row]\n","protected":false},"excerpt":{"rendered":"<p>[vc_row type=\u00a0\u00bbfull_width_content\u00a0\u00bb full_screen_row_position=\u00a0\u00bbmiddle\u00a0\u00bb scene_position=\u00a0\u00bbcenter\u00a0\u00bb text_color=\u00a0\u00bbdark\u00a0\u00bb text_align=\u00a0\u00bbleft\u00a0\u00bb class=\u00a0\u00bblarge\u00a0\u00bb overlay_strength=\u00a0\u00bb0.3&Prime; shape_divider_position=\u00a0\u00bbbottom\u00a0\u00bb shape_type=\u00a0\u00bb\u00a0\u00bb][vc_column column_padding=\u00a0\u00bbno-extra-padding\u00a0\u00bb column_padding_position=\u00a0\u00bball\u00a0\u00bb background_color_opacity=\u00a0\u00bb1&Prime; background_hover_color_opacity=\u00a0\u00bb1&Prime; column_shadow=\u00a0\u00bbnone\u00a0\u00bb column_border_radius=\u00a0\u00bbnone\u00a0\u00bb width=\u00a0\u00bb1\/1&Prime; tablet_text_alignment=\u00a0\u00bbdefault\u00a0\u00bb phone_text_alignment=\u00a0\u00bbdefault\u00a0\u00bb column_border_width=\u00a0\u00bbnone\u00a0\u00bb column_border_style=\u00a0\u00bbsolid\u00a0\u00bb][vc_column_text][\/vc_column_text][\/vc_column][\/vc_row][vc_row type=\u00a0\u00bbin_container\u00a0\u00bb full_screen_row_position=\u00a0\u00bbmiddle\u00a0\u00bb scene_position=\u00a0\u00bbcenter\u00a0\u00bb text_color=\u00a0\u00bbdark\u00a0\u00bb text_align=\u00a0\u00bbleft\u00a0\u00bb class=\u00a0\u00bbfirstRow\u00a0\u00bb overlay_strength=\u00a0\u00bb0.3&Prime; shape_divider_position=\u00a0\u00bbbottom\u00a0\u00bb][vc_column column_padding=\u00a0\u00bbno-extra-padding\u00a0\u00bb&#8230;<\/p>\n","protected":false},"author":2,"featured_media":0,"parent":291,"menu_order":30,"comment_status":"closed","ping_status":"closed","template":"","meta":{"footnotes":""},"class_list":["post-312","page","type-page","status-publish"],"_links":{"self":[{"href":"https:\/\/demolitionxp.com\/fr\/wp-json\/wp\/v2\/pages\/312","targetHints":{"allow":["GET"]}}],"collection":[{"href":"https:\/\/demolitionxp.com\/fr\/wp-json\/wp\/v2\/pages"}],"about":[{"href":"https:\/\/demolitionxp.com\/fr\/wp-json\/wp\/v2\/types\/page"}],"author":[{"embeddable":true,"href":"https:\/\/demolitionxp.com\/fr\/wp-json\/wp\/v2\/users\/2"}],"replies":[{"embeddable":true,"href":"https:\/\/demolitionxp.com\/fr\/wp-json\/wp\/v2\/comments?post=312"}],"version-history":[{"count":7,"href":"https:\/\/demolitionxp.com\/fr\/wp-json\/wp\/v2\/pages\/312\/revisions"}],"predecessor-version":[{"id":780,"href":"https:\/\/demolitionxp.com\/fr\/wp-json\/wp\/v2\/pages\/312\/revisions\/780"}],"up":[{"embeddable":true,"href":"https:\/\/demolitionxp.com\/fr\/wp-json\/wp\/v2\/pages\/291"}],"wp:attachment":[{"href":"https:\/\/demolitionxp.com\/fr\/wp-json\/wp\/v2\/media?parent=312"}],"curies":[{"name":"wp","href":"https:\/\/api.w.org\/{rel}","templated":true}]}}