{"id":314,"date":"2016-10-03T14:12:48","date_gmt":"2016-10-03T18:12:48","guid":{"rendered":"https:\/\/demolitionxp.com\/fr\/notre-equipement\/demolition-robots\/"},"modified":"2018-06-04T15:49:23","modified_gmt":"2018-06-04T19:49:23","slug":"demolition-robots","status":"publish","type":"page","link":"https:\/\/demolitionxp.com\/fr\/notre-equipement\/demolition-robots\/","title":{"rendered":"Robots de D\u00e9molition"},"content":{"rendered":"[vc_row type=\u00a0\u00bbfull_width_content\u00a0\u00bb full_screen_row_position=\u00a0\u00bbmiddle\u00a0\u00bb scene_position=\u00a0\u00bbcenter\u00a0\u00bb text_color=\u00a0\u00bbdark\u00a0\u00bb text_align=\u00a0\u00bbleft\u00a0\u00bb class=\u00a0\u00bblarge\u00a0\u00bb overlay_strength=\u00a0\u00bb0.3&Prime; shape_divider_position=\u00a0\u00bbbottom\u00a0\u00bb shape_type=\u00a0\u00bb\u00a0\u00bb][vc_column column_padding=\u00a0\u00bbno-extra-padding\u00a0\u00bb column_padding_position=\u00a0\u00bball\u00a0\u00bb background_color_opacity=\u00a0\u00bb1&Prime; background_hover_color_opacity=\u00a0\u00bb1&Prime; column_shadow=\u00a0\u00bbnone\u00a0\u00bb column_border_radius=\u00a0\u00bbnone\u00a0\u00bb width=\u00a0\u00bb1\/1&Prime; tablet_text_alignment=\u00a0\u00bbdefault\u00a0\u00bb phone_text_alignment=\u00a0\u00bbdefault\u00a0\u00bb column_border_width=\u00a0\u00bbnone\u00a0\u00bb column_border_style=\u00a0\u00bbsolid\u00a0\u00bb][vc_column_text]<div class=\"headingImage autoparralax\"><div class=\"headingImage_bg\" style=\"background-image:url(https:\/\/demolitionxp.com\/wp-content\/uploads\/2016\/10\/header_equip-1.jpg)\"><\/div><div class=\"container\"><h1>NOS <br\/>\u00c9QUIPEMENTS<\/h1><p><p>Nos robots sont des machines de d\u00e9molition \u00e0 la pointe de la technologie. Ils sont tr\u00e8s puissants, l\u00e9gers et ont un design fonctionnel. Ils repr\u00e9sentent un choix id\u00e9al pour les utilisateurs souhaitant obtenir des machines puissantes et s\u00e9curis\u00e9es sur le long terme.<\/p>\n<\/p><\/div><\/div>[\/vc_column_text][\/vc_column][\/vc_row][vc_row type=\u00a0\u00bbin_container\u00a0\u00bb full_screen_row_position=\u00a0\u00bbmiddle\u00a0\u00bb scene_position=\u00a0\u00bbcenter\u00a0\u00bb text_color=\u00a0\u00bbdark\u00a0\u00bb text_align=\u00a0\u00bbleft\u00a0\u00bb class=\u00a0\u00bbfirstRow\u00a0\u00bb overlay_strength=\u00a0\u00bb0.3&Prime; shape_divider_position=\u00a0\u00bbbottom\u00a0\u00bb][vc_column column_padding=\u00a0\u00bbno-extra-padding\u00a0\u00bb column_padding_position=\u00a0\u00bball\u00a0\u00bb background_color_opacity=\u00a0\u00bb1&Prime; background_hover_color_opacity=\u00a0\u00bb1&Prime; column_shadow=\u00a0\u00bbnone\u00a0\u00bb column_border_radius=\u00a0\u00bbnone\u00a0\u00bb width=\u00a0\u00bb1\/1&Prime; tablet_text_alignment=\u00a0\u00bbdefault\u00a0\u00bb phone_text_alignment=\u00a0\u00bbdefault\u00a0\u00bb column_border_width=\u00a0\u00bbnone\u00a0\u00bb column_border_style=\u00a0\u00bbsolid\u00a0\u00bb][vc_column_text el_class=\u00a0\u00bbfirstTitle\u00a0\u00bb]\n<h2><strong>ROBOTS<\/strong><br \/>\nDE D\u00c9MOLITION<\/h2>\n<p>Compact, durable et multifonctionnel.<br \/>\nLa combinaison parfaite de plusieurs robots de haute qualit\u00e9 con\u00e7us pour une multitude d\u2019applications.[\/vc_column_text][vc_column_text]<div class=\"equipList row-flex\">\n                        <div class=\"span-flex-md-4\">\n                            <div class=\"equip\">\n                                <div class=\"thumb\" data-open=\"327\">\n                                    <div class=\"thumbImage autoThumbSize\" data-image-width=\"251\" data-image-height=\"254\" style=\"background-image:url(https:\/\/demolitionxp.com\/wp-content\/uploads\/2016\/10\/thumb_brokk_100.jpg);\"><\/div>\n                                <\/div><div class=\"text\">\n                                BROKK 100 <\/div>\n                            <\/div>\n                        <\/div>\n                        <div class=\"span-flex-md-4\">\n                            <div class=\"equip\">\n                                <div class=\"thumb\" data-open=\"326\">\n                                    <div class=\"thumbImage autoThumbSize\" data-image-width=\"264\" data-image-height=\"264\" style=\"background-image:url(https:\/\/demolitionxp.com\/wp-content\/uploads\/2016\/10\/thumb_brokk_160.jpg);\"><\/div>\n                                <\/div><div class=\"text\">\n                                BROKK 160 <\/div>\n                            <\/div>\n                        <\/div>\n                        <div class=\"span-flex-md-4\">\n                            <div class=\"equip\">\n                                <div class=\"thumb\" data-open=\"325\">\n                                    <div class=\"thumbImage autoThumbSize\" data-image-width=\"234\" data-image-height=\"264\" style=\"background-image:url(https:\/\/demolitionxp.com\/wp-content\/uploads\/2016\/10\/thumb_brokk_180.jpg);\"><\/div>\n                                <\/div><div class=\"text\">\n                                BROKK 180 <\/div>\n                            <\/div>\n                        <\/div>\n                        <div class=\"span-flex-md-4\">\n                            <div class=\"equip\">\n                                <div class=\"thumb\" data-open=\"324\">\n                                    <div class=\"thumbImage autoThumbSize\" data-image-width=\"300\" data-image-height=\"239\" style=\"background-image:url(https:\/\/demolitionxp.com\/wp-content\/uploads\/2016\/10\/thumb_brokk_250-300x239.jpg);\"><\/div>\n                                <\/div><div class=\"text\">\n                                BROKK 250 <\/div>\n                            <\/div>\n                        <\/div>\n                        <div class=\"span-flex-md-4\">\n                            <div class=\"equip\">\n                                <div class=\"thumb\" data-open=\"323\">\n                                    <div class=\"thumbImage autoThumbSize\" data-image-width=\"286\" data-image-height=\"274\" style=\"background-image:url(https:\/\/demolitionxp.com\/wp-content\/uploads\/2016\/10\/thumb_brokk_260.jpg);\"><\/div>\n                                <\/div><div class=\"text\">\n                                BROKK 260 <\/div>\n                            <\/div>\n                        <\/div>\n                        <div class=\"span-flex-md-4\">\n                            <div class=\"equip\">\n                                <div class=\"thumb\" data-open=\"322\">\n                                    <div class=\"thumbImage autoThumbSize\" data-image-width=\"300\" data-image-height=\"264\" style=\"background-image:url(https:\/\/demolitionxp.com\/wp-content\/uploads\/2016\/10\/thumb_brokk_330-300x264.jpg);\"><\/div>\n                                <\/div><div class=\"text\">\n                                BROKK 330 <\/div>\n                            <\/div>\n                        <\/div>\n                        <div class=\"span-flex-md-4\">\n                            <div class=\"equip\">\n                                <div class=\"thumb\" data-open=\"321\">\n                                    <div class=\"thumbImage autoThumbSize\" data-image-width=\"300\" data-image-height=\"278\" style=\"background-image:url(https:\/\/demolitionxp.com\/wp-content\/uploads\/2016\/10\/thumb_brokk_400-300x278.jpg);\"><\/div>\n                                <\/div><div class=\"text\">\n                                BROKK 400 <\/div>\n                            <\/div>\n                        <\/div>\n                        <div class=\"span-flex-md-4\">\n                            <div class=\"equip\">\n                                <div class=\"thumb\" data-open=\"330\">\n                                    <div class=\"thumbImage autoThumbSize\" data-image-width=\"215\" data-image-height=\"234\" style=\"background-image:url(https:\/\/demolitionxp.com\/wp-content\/uploads\/2016\/10\/thumb_brokk_50.jpg);\"><\/div>\n                                <\/div><div class=\"text\">\n                                BROKK 50 <\/div>\n                            <\/div>\n                        <\/div>\n                        <div class=\"span-flex-md-4\">\n                            <div class=\"equip\">\n                                <div class=\"thumb\" data-open=\"328\">\n                                    <div class=\"thumbImage autoThumbSize\" data-image-width=\"224\" data-image-height=\"257\" style=\"background-image:url(https:\/\/demolitionxp.com\/wp-content\/uploads\/2016\/10\/thumb_brokk_90.jpg);\"><\/div>\n                                <\/div><div class=\"text\">\n                                BROKK 90 <\/div>\n                            <\/div>\n                        <\/div><\/div>[\/vc_column_text][\/vc_column][\/vc_row]\n","protected":false},"excerpt":{"rendered":"<p>[vc_row type=\u00a0\u00bbfull_width_content\u00a0\u00bb full_screen_row_position=\u00a0\u00bbmiddle\u00a0\u00bb scene_position=\u00a0\u00bbcenter\u00a0\u00bb text_color=\u00a0\u00bbdark\u00a0\u00bb text_align=\u00a0\u00bbleft\u00a0\u00bb class=\u00a0\u00bblarge\u00a0\u00bb overlay_strength=\u00a0\u00bb0.3&Prime; shape_divider_position=\u00a0\u00bbbottom\u00a0\u00bb shape_type=\u00a0\u00bb\u00a0\u00bb][vc_column column_padding=\u00a0\u00bbno-extra-padding\u00a0\u00bb column_padding_position=\u00a0\u00bball\u00a0\u00bb background_color_opacity=\u00a0\u00bb1&Prime; background_hover_color_opacity=\u00a0\u00bb1&Prime; column_shadow=\u00a0\u00bbnone\u00a0\u00bb column_border_radius=\u00a0\u00bbnone\u00a0\u00bb width=\u00a0\u00bb1\/1&Prime; tablet_text_alignment=\u00a0\u00bbdefault\u00a0\u00bb phone_text_alignment=\u00a0\u00bbdefault\u00a0\u00bb column_border_width=\u00a0\u00bbnone\u00a0\u00bb column_border_style=\u00a0\u00bbsolid\u00a0\u00bb][vc_column_text][\/vc_column_text][\/vc_column][\/vc_row][vc_row type=\u00a0\u00bbin_container\u00a0\u00bb full_screen_row_position=\u00a0\u00bbmiddle\u00a0\u00bb scene_position=\u00a0\u00bbcenter\u00a0\u00bb text_color=\u00a0\u00bbdark\u00a0\u00bb text_align=\u00a0\u00bbleft\u00a0\u00bb class=\u00a0\u00bbfirstRow\u00a0\u00bb overlay_strength=\u00a0\u00bb0.3&Prime; shape_divider_position=\u00a0\u00bbbottom\u00a0\u00bb][vc_column column_padding=\u00a0\u00bbno-extra-padding\u00a0\u00bb&#8230;<\/p>\n","protected":false},"author":2,"featured_media":0,"parent":291,"menu_order":0,"comment_status":"closed","ping_status":"closed","template":"","meta":{"footnotes":""},"class_list":["post-314","page","type-page","status-publish"],"_links":{"self":[{"href":"https:\/\/demolitionxp.com\/fr\/wp-json\/wp\/v2\/pages\/314","targetHints":{"allow":["GET"]}}],"collection":[{"href":"https:\/\/demolitionxp.com\/fr\/wp-json\/wp\/v2\/pages"}],"about":[{"href":"https:\/\/demolitionxp.com\/fr\/wp-json\/wp\/v2\/types\/page"}],"author":[{"embeddable":true,"href":"https:\/\/demolitionxp.com\/fr\/wp-json\/wp\/v2\/users\/2"}],"replies":[{"embeddable":true,"href":"https:\/\/demolitionxp.com\/fr\/wp-json\/wp\/v2\/comments?post=314"}],"version-history":[{"count":11,"href":"https:\/\/demolitionxp.com\/fr\/wp-json\/wp\/v2\/pages\/314\/revisions"}],"predecessor-version":[{"id":775,"href":"https:\/\/demolitionxp.com\/fr\/wp-json\/wp\/v2\/pages\/314\/revisions\/775"}],"up":[{"embeddable":true,"href":"https:\/\/demolitionxp.com\/fr\/wp-json\/wp\/v2\/pages\/291"}],"wp:attachment":[{"href":"https:\/\/demolitionxp.com\/fr\/wp-json\/wp\/v2\/media?parent=314"}],"curies":[{"name":"wp","href":"https:\/\/api.w.org\/{rel}","templated":true}]}}